{"id":462,"date":"2015-07-06T16:22:27","date_gmt":"2015-07-06T15:22:27","guid":{"rendered":"http:\/\/tommusrhodus.wpengine.com\/?page_id=462"},"modified":"2020-09-22T22:56:59","modified_gmt":"2020-09-22T22:56:59","slug":"adventure-travel","status":"publish","type":"page","link":"https:\/\/www.ricardoloebell.cl\/","title":{"rendered":"Inicio"},"content":{"rendered":"<p>[vc_row full_width=\u00bbstretch_row\u00bb][vc_column]\n\t\t\t<section class=\"image-bg overlay pt240 pb240 pt-xs-180 pb-xs-180 hero-header\">\n                <div class=\"background-image-holder fadeIn\">\n                    <img width=\"1440\" height=\"791\" src=\"https:\/\/www.ricardoloebell.cl\/wp-content\/uploads\/2020\/09\/back2.jpg\" class=\"background-image\" alt=\"\" loading=\"lazy\" srcset=\"https:\/\/www.ricardoloebell.cl\/wp-content\/uploads\/2020\/09\/back2.jpg 1440w, https:\/\/www.ricardoloebell.cl\/wp-content\/uploads\/2020\/09\/back2-300x165.jpg 300w, https:\/\/www.ricardoloebell.cl\/wp-content\/uploads\/2020\/09\/back2-1024x562.jpg 1024w, https:\/\/www.ricardoloebell.cl\/wp-content\/uploads\/2020\/09\/back2-768x422.jpg 768w\" sizes=\"(max-width: 1440px) 100vw, 1440px\" \/>\n                <\/div>\n                <div class=\"container\">\n                    <div class=\"row\">\n                        <div class=\"col-sm-6\">\n                            <p><img loading=\"lazy\" class=\"alignnone size-full wp-image-22275\" src=\"https:\/\/www.ricardoloebell.cl\/wp-content\/uploads\/2020\/09\/cita3.png\" alt=\"\" width=\"1129\" height=\"515\" srcset=\"https:\/\/www.ricardoloebell.cl\/wp-content\/uploads\/2020\/09\/cita3.png 1129w, https:\/\/www.ricardoloebell.cl\/wp-content\/uploads\/2020\/09\/cita3-300x137.png 300w, https:\/\/www.ricardoloebell.cl\/wp-content\/uploads\/2020\/09\/cita3-1024x467.png 1024w, https:\/\/www.ricardoloebell.cl\/wp-content\/uploads\/2020\/09\/cita3-768x350.png 768w\" sizes=\"(max-width: 1129px) 100vw, 1129px\" \/><\/p>\n\n                        <\/div>\n                    <\/div>\n                <\/div>\n            <\/section>\n\t\t[\/vc_column][\/vc_row][vc_row][vc_column width=\u00bb1\/3&#8243;][vc_column_text]<\/p>\n<h4 class=\"uppercase mb40 mb-xs-24\" style=\"text-align: left;\">Presentaci\u00f3n<\/h4>\n<p style=\"text-align: justify;\"><strong>Ricardo Loebell<\/strong> [Santiago de Chile] Ingeniero en cibern\u00e9tica por la Univ. T\u00e9cnica Dortmund.<br \/>\nM.A. y Dr. phil. por la Univ. Goethe, Frankfurt\/M. Ex-becario del DAAD. Psicoterapeuta por la Sociedad de Psicoterapia Transpersonal (GTP), Freiburg\/Br.<br \/>\nMiembro del Comit\u00e9 Acad\u00e9mico del Centro de Estudios Visuales Latinoamericanos CEVILAT. Instituto de Humanidades, Universidad Nacional de Rosario-Argentina. Miembro de la Fundaci\u00f3n Felisberto Hern\u00e1ndez, Montevideo. Presidente de la Fundaci\u00f3n Neuroartes, Chile.<br \/>\nSupervisor y organizador en la Casa-Museo de Goethe en Frankfurt\/M entre 1978 y 1990. Investigador y redactor adjunto en el Archivo del Escritor de la Biblioteca Nacional de Chile entre 1995 y 1997. Asesor ling\u00fc\u00edstico en Proyecto de CONADI: \u201cGrafemario \u00fanico de del idioma mapuche\u201d, Temuco, 1996.<\/p>\n<p>[\/vc_column_text][\/vc_column][vc_column width=\u00bb1\/3&#8243;][vc_empty_space height=\u00bb73px\u00bb][vc_column_text]<\/p>\n<p style=\"text-align: justify;\">Publica poes\u00eda y ensayo en revistas especializadas. Realiza proyectos de <strong>curator\u00eda y museograf\u00eda<\/strong> e imparte filosof\u00eda, teor\u00eda de arte, literatura, est\u00e9tica, magister y doctorado en Univ. Chile, UPLA y USM, Valpara\u00edso. Curador II Bienal de Arte 1999, MNBA, Santiago. Prof. invitado en Univ. Mesoamericana de Oaxaca (2003) y Univ. de Konstanz (2004). Integrante CNCA (2008\u00ad10). Comisi\u00f3n de Expertos del Museo Hist\u00f3rico Nacional, 2014. Director del Coloquio Internacional de Valpara\u00edso por Dr. h. c. de Ra\u00fal Zurita, 2015. Premio C\u00edrculo de Cr\u00edticos de Arte de Valpara\u00edso (2005). Premio Curador extranjero por Ministerio de Edu.\/Cultura Uruguay 2013. Director de Departamento 44 &#8211; Galer\u00eda y residencia de artistas desde 1997 (Premio ChACO 2013). Curator\u00eda en Museo Nacional de Bellas Artes de obra de Fernando Torm en 2014. Curator\u00eda en el Museo de Artes Visuales (MAVI) de obra de Hern\u00e1n Cruz en 2018. Residencia en el Museo de Arte Moderno (MAM) de Chilo\u00e9 en 2019.<\/p>\n<p>[\/vc_column_text][\/vc_column][vc_column width=\u00bb1\/3&#8243;][vc_single_image image=\u00bb22265&#8243; img_size=\u00bbfull\u00bb css_animation=\u00bbfadeIn\u00bb][\/vc_column][\/vc_row][vc_row][vc_column][vc_gallery type=\u00bbimage_grid\u00bb images=\u00bb22297,22298,22299,22300,22301,22302,22303,22304,22305,22306,22307,22308,22309,22310&#8243;][\/vc_column][\/vc_row]<\/p>\n","protected":false},"excerpt":{"rendered":"<p>[vc_row full_width=\u00bbstretch_row\u00bb][vc_column][\/vc_column][\/vc_row][vc_row][vc_column width=\u00bb1\/3&#8243;][vc_column_text] Presentaci\u00f3n Ricardo Loebell [Santiago de Chile] Ingeniero en cibern\u00e9tica por la Univ. T\u00e9cnica Dortmund. M.A. y Dr. phil&#8230;.<\/p>\n","protected":false},"author":1,"featured_media":0,"parent":378,"menu_order":0,"comment_status":"closed","ping_status":"closed","template":"","meta":[],"_links":{"self":[{"href":"https:\/\/www.ricardoloebell.cl\/index.php\/wp-json\/wp\/v2\/pages\/462"}],"collection":[{"href":"https:\/\/www.ricardoloebell.cl\/index.php\/wp-json\/wp\/v2\/pages"}],"about":[{"href":"https:\/\/www.ricardoloebell.cl\/index.php\/wp-json\/wp\/v2\/types\/page"}],"author":[{"embeddable":true,"href":"https:\/\/www.ricardoloebell.cl\/index.php\/wp-json\/wp\/v2\/users\/1"}],"replies":[{"embeddable":true,"href":"https:\/\/www.ricardoloebell.cl\/index.php\/wp-json\/wp\/v2\/comments?post=462"}],"version-history":[{"count":11,"href":"https:\/\/www.ricardoloebell.cl\/index.php\/wp-json\/wp\/v2\/pages\/462\/revisions"}],"predecessor-version":[{"id":22273,"href":"https:\/\/www.ricardoloebell.cl\/index.php\/wp-json\/wp\/v2\/pages\/462\/revisions\/22273"}],"up":[{"embeddable":true,"href":"https:\/\/www.ricardoloebell.cl\/index.php\/wp-json\/wp\/v2\/pages\/378"}],"wp:attachment":[{"href":"https:\/\/www.ricardoloebell.cl\/index.php\/wp-json\/wp\/v2\/media?parent=462"}],"curies":[{"name":"wp","href":"https:\/\/api.w.org\/{rel}","templated":true}]}}